{"id":418,"date":"2025-10-04T16:25:13","date_gmt":"2025-10-04T14:25:13","guid":{"rendered":"https:\/\/www.ourlifeschool.org\/?page_id=418"},"modified":"2025-10-04T16:25:48","modified_gmt":"2025-10-04T14:25:48","slug":"lara-justine-glueckstadt","status":"publish","type":"page","link":"https:\/\/www.ourlifeschool.org\/de\/mentors\/lara-justine-glueckstadt\/","title":{"rendered":"Lara-Justine Gl\u00fcckstadt, Hamburg"},"content":{"rendered":"<p><img loading=\"lazy\" decoding=\"async\" class=\"alignright size-medium wp-image-420\" src=\"https:\/\/www.ourlifeschool.org\/wp-content\/uploads\/sites\/9\/2025\/10\/WhatsApp-Bild-2025-10-02-um-18.51.48_b203fd47-274x300.jpg\" alt=\"Lara-Justine Gl\u00fcckstadt\" width=\"300\" height=\"300\" srcset=\"https:\/\/www.ourlifeschool.org\/wp-content\/uploads\/sites\/9\/2025\/10\/WhatsApp-Bild-2025-10-02-um-18.51.48_b203fd47-150x150.jpg 150w, https:\/\/www.ourlifeschool.org\/wp-content\/uploads\/sites\/9\/2025\/10\/WhatsApp-Bild-2025-10-02-um-18.51.48_b203fd47-350x350.jpg 350w\" sizes=\"auto, (max-width: 300px) 100vw, 300px\" \/><\/p>\n<p>Im Maya-Kalender, dem 13-Monde-Kalender (Tzolkin) bin ich Lamat 108, der gelbe selbstexistierende Stern, allerdings h\u00f6re ich auf den Namen Lara.<\/p>\n<p>Studiert habe ich Sprach- und Literaturwissenschaft, sowie Geschichte.<\/p>\n<p>Sprache als wichtigstes Kommunikationsmittel, Literatur als kulturelles Ph\u00e4nomen des geschriebenen Wortes und die Geschichte, die Legenden, die Mythen und Sagen vergangener Kulturen und V\u00f6lker faszinierten mich schon immer.<\/p>\n<p>Spiritualit\u00e4t begleitet mich durch die gesamte Kindheit hinweg. Schwitzh\u00fctte und Aschram waren unsere Ferienziele, vegetarische Ern\u00e4hrung selbstverst\u00e4ndlich.<\/p>\n<p>Viele Reisen durch S\u00fcdamerika haben mich mit dem Schamanismus und ihren Riten und Zeremonien vertraut gemacht. Pflanzenmedizin, Gesang und Tanz erwirken mit Hilfe des &#8222;Gro\u00dfen Geistes&#8220; klare Visionen \u00fcber den individuellen Entwicklungsgrad einer Person. Die Verbundenheit zur Natur kommt in Er-innerung ebenso wie das Gef\u00fchl des All-Eins-Seins. Vor allem die Zeremonien mit der Medizin des Herzens, das Blut Mutter Erdes, dem \u201eKakaw\u201c wie die Maya sagen, habe ich viel Heilung zu verdanken. Seither halte ich gern selbst den Raum f\u00fcr ebensolche Zeremonien.<\/p>\n<p>So wurde ich 2020 auch zur Huna im M\u0101ori Schamanismus initiiert und bin mit den Weisheiten ihrer Lehren betraut worden. Diese flie\u00dfen bis heute stets in meine Vortr\u00e4ge und Arbeiten ein.<\/p>\n<p>Im Mai 2020 lernte ich ThetaHealing kennen. Bereits nach der ersten Sitzung war f\u00fcr mich klar: Das muss ich lernen und an andere Menschen weitergeben. F\u00fcr mich war es das noch fehlende Puzzlest\u00fcck f\u00fcr mein vollkommenes Erwachen, kannte ich bislang zwar Meditation als Praxis und verschiedene Methoden wie Breathwork, ecstatic dance und anderes zur Bewusstseinserweiterung, bringt ThetaHealing f\u00fcr mich eben beides zusammen. Du gelangst bei vollem Bewusstsein Zugang zu deinem Unterbewusstsein und kannst es nicht nur erforschen, sondern neu ausrichten und damit deine Realit\u00e4t neu sch\u00f6pfen.<\/p>\n<p>Mittlerweile biete ich neben Einzelsitzungen auch die gesamte Grundausbildung an.<\/p>\n<p>Wenn du Fragen hast oder es dich ruft, es direkt auszuprobieren, schreib mir einfach oder ruf an!<\/p>\n<p>Ich freue mich auf dich! Gemeinsam ver\u00e4ndern wir die Welt!<\/p>","protected":false},"excerpt":{"rendered":"<p>Im Maya-Kalender, dem 13-Monde-Kalender (Tzolkin) bin ich Lamat 108, der gelbe selbstexistierende Stern, allerdings h\u00f6re ich auf den Namen Lara. Studiert habe ich Sprach- und Literaturwissenschaft, sowie Geschichte. Sprache als wichtigstes Kommunikationsmittel, Literatur als kulturelles Ph\u00e4nomen des geschriebenen Wortes und die Geschichte, die Legenden, die Mythen und Sagen vergangener Kulturen und V\u00f6lker faszinierten mich schon&#8230;<\/p>\n<p><span class=\"mina-olen-read-more\"><a href=\"https:\/\/www.ourlifeschool.org\/de\/mentors\/lara-justine-glueckstadt\/\" class=\"more-link\">Read more <span class=\"screen-reader-text\">Lara-Justine Gl\u00fcckstadt, Hamburg<\/span><\/a><\/span><\/p>\n","protected":false},"author":1,"featured_media":0,"parent":71,"menu_order":11,"comment_status":"closed","ping_status":"closed","template":"","meta":{"footnotes":""},"class_list":["entry","author-webmaster","post-418","page","type-page","status-publish"],"_links":{"self":[{"href":"https:\/\/www.ourlifeschool.org\/de\/wp-json\/wp\/v2\/pages\/418","targetHints":{"allow":["GET"]}}],"collection":[{"href":"https:\/\/www.ourlifeschool.org\/de\/wp-json\/wp\/v2\/pages"}],"about":[{"href":"https:\/\/www.ourlifeschool.org\/de\/wp-json\/wp\/v2\/types\/page"}],"author":[{"embeddable":true,"href":"https:\/\/www.ourlifeschool.org\/de\/wp-json\/wp\/v2\/users\/1"}],"replies":[{"embeddable":true,"href":"https:\/\/www.ourlifeschool.org\/de\/wp-json\/wp\/v2\/comments?post=418"}],"version-history":[{"count":2,"href":"https:\/\/www.ourlifeschool.org\/de\/wp-json\/wp\/v2\/pages\/418\/revisions"}],"predecessor-version":[{"id":421,"href":"https:\/\/www.ourlifeschool.org\/de\/wp-json\/wp\/v2\/pages\/418\/revisions\/421"}],"up":[{"embeddable":true,"href":"https:\/\/www.ourlifeschool.org\/de\/wp-json\/wp\/v2\/pages\/71"}],"wp:attachment":[{"href":"https:\/\/www.ourlifeschool.org\/de\/wp-json\/wp\/v2\/media?parent=418"}],"curies":[{"name":"wp","href":"https:\/\/api.w.org\/{rel}","templated":true}]}}